{"id":2012,"date":"2022-06-28T12:54:22","date_gmt":"2022-06-28T09:54:22","guid":{"rendered":"https:\/\/herbagrass.com\/urun\/10-mm-decorative-grass\/"},"modified":"2024-03-13T15:51:09","modified_gmt":"2024-03-13T12:51:09","slug":"10-mm-decorative-grass","status":"publish","type":"product","link":"https:\/\/herbagrass.com\/fr\/urun\/10-mm-decorative-grass\/","title":{"rendered":"10 MM DECORATIVE GRASS"},"content":{"rendered":"<div class=\"wptb-table-container wptb-table-2199\"><div class=\"wptb-table-container-matrix\" id=\"wptb-table-id-2199\" data-wptb-version=\"2.0.14\" data-wptb-pro-status=\"false\"><table class=\"wptb-preview-table wptb-element-main-table_setting-2188\" data-reconstraction=\"1\" style=\"border: 1px solid rgb(209, 209, 209);\" data-wptb-table-tds-sum-max-width=\"918\" data-wptb-cells-width-auto-count=\"7\" data-wptb-horizontal-scroll-status=\"false\" data-wptb-extra-styles=\"LyogRW50ZXIgeW91ciBjdXN0b20gQ1NTIHJ1bGVzIGhlcmUgKi8=\" role=\"table\" data-wptb-header-background-color=\"#1F9837FF\" data-table-columns=\"7\"><tbody><tr class=\"wptb-row\" style=\"background-color: rgb(31, 152, 55);\"><td class=\"wptb-cell\" data-y-index=\"0\" data-x-index=\"0\" style=\"border: 1px solid rgb(209, 209, 209);\" data-wptb-css-td-auto-width=\"true\"><div class=\"wptb-text-container wptb-ph-element wptb-element-text-597\" style=\"color: rgb(255, 255, 255); font-size: 15px;\"><div class=\"\" style=\"position: relative;\"><p>HERBAGRASS NOM<\/p><\/div><\/div><\/td><td class=\"wptb-cell\" data-y-index=\"0\" data-x-index=\"1\" style=\"border: 1px solid rgb(209, 209, 209);\" data-wptb-css-td-auto-width=\"true\"><div class=\"wptb-text-container wptb-ph-element wptb-element-text-598\" style=\"color: rgb(255, 255, 255); font-size: 15px;\"><div class=\"\" style=\"position: relative;\"><p>YARN<\/p><\/div><\/div><\/td><td class=\"wptb-cell\" data-y-index=\"0\" data-x-index=\"2\" style=\"border: 1px solid rgb(209, 209, 209);\" data-wptb-css-td-auto-width=\"true\"><div class=\"wptb-text-container wptb-ph-element wptb-element-text-599\" style=\"color: rgb(255, 255, 255); font-size: 15px;\"><div class=\"\" style=\"position: relative;\"><p>POIDS DE LA PILE(M2)<\/p><\/div><\/div><\/td><td class=\"wptb-cell\" data-y-index=\"0\" data-x-index=\"3\" style=\"border: 1px solid rgb(209, 209, 209);\" data-wptb-css-td-auto-width=\"true\"><div class=\"wptb-text-container wptb-ph-element wptb-element-text-600\" style=\"color: rgb(255, 255, 255); font-size: 15px;\"><div class=\"\" style=\"position: relative;\"><p>GAUGE<\/p><\/div><\/div><\/td><td class=\"wptb-cell\" data-y-index=\"0\" data-x-index=\"4\" style=\"border: 1px solid rgb(209, 209, 209);\" data-wptb-css-td-auto-width=\"true\"><div class=\"wptb-text-container wptb-ph-element wptb-element-text-601\" style=\"color: rgb(255, 255, 255); font-size: 15px;\"><div class=\"\" style=\"position: relative;\"><p>TAUX DE STICH (PER 10CM)<\/p><\/div><\/div><\/td><td class=\"wptb-cell\" data-y-index=\"0\" data-x-index=\"5\" style=\"border: 1px solid rgb(209, 209, 209);\" data-wptb-css-td-auto-width=\"true\"><div class=\"wptb-text-container wptb-ph-element wptb-element-text-602\" style=\"color: rgb(255, 255, 255); font-size: 15px;\"><div class=\"\" style=\"position: relative;\"><p>KNOTS (M2)<\/p><\/div><\/div><\/td><td class=\"wptb-cell\" data-y-index=\"0\" data-x-index=\"6\" style=\"border: 1px solid rgb(209, 209, 209);\" data-wptb-css-td-auto-width=\"true\"><div class=\"wptb-text-container wptb-ph-element wptb-element-text-603\" style=\"color: rgb(255, 255, 255); font-size: 15px;\"><div class=\"\" style=\"position: relative;\"><p>POIDS TOTAL (GR)<\/p><\/div><\/div><\/td><\/tr><tr class=\"wptb-row\" style=\"--hover-bg-color: undefined;\"><td class=\"wptb-cell\" data-y-index=\"1\" data-x-index=\"0\" style=\"border: 1px solid rgb(209, 209, 209);\" data-wptb-css-td-auto-width=\"true\"><div class=\"wptb-text-container wptb-ph-element wptb-element-text-604\" style=\"color: rgb(0, 0, 0); font-size: 15px;\"><div class=\"\" style=\"position: relative;\"><p>GAZON D&Eacute;CORATIF 10 MM<\/p><\/div><\/div><\/td><td class=\"wptb-cell\" data-y-index=\"1\" data-x-index=\"1\" style=\"border: 1px solid rgb(209, 209, 209);\" data-wptb-css-td-auto-width=\"true\"><div class=\"wptb-text-container wptb-ph-element wptb-element-text-605\" style=\"color: rgb(0, 0, 0); font-size: 15px;\"><div class=\"\" style=\"position: relative;\"><p>100% PP 2200 DTEX<\/p><\/div><\/div><\/td><td class=\"wptb-cell\" data-y-index=\"1\" data-x-index=\"2\" style=\"border: 1px solid rgb(209, 209, 209);\" data-wptb-css-td-auto-width=\"true\"><div class=\"wptb-text-container wptb-ph-element wptb-element-text-606\" style=\"color: rgb(0, 0, 0); font-size: 15px;\"><div class=\"\" style=\"position: relative;\"><p>370<\/p><\/div><\/div><\/td><td class=\"wptb-cell\" data-y-index=\"1\" data-x-index=\"3\" style=\"border: 1px solid rgb(209, 209, 209);\" data-wptb-css-td-auto-width=\"true\"><div class=\"wptb-text-container wptb-ph-element wptb-element-text-607\" style=\"color: rgb(0, 0, 0); font-size: 15px;\"><div class=\"\" style=\"position: relative;\"><p>3\/16<\/p><\/div><\/div><\/td><td class=\"wptb-cell\" data-y-index=\"1\" data-x-index=\"4\" style=\"border: 1px solid rgb(209, 209, 209);\" data-wptb-css-td-auto-width=\"true\"><div class=\"wptb-text-container wptb-ph-element wptb-element-text-608\" style=\"color: rgb(0, 0, 0); font-size: 15px;\"><div class=\"\" style=\"position: relative;\"><p>27<\/p><\/div><\/div><\/td><td class=\"wptb-cell\" data-y-index=\"1\" data-x-index=\"5\" style=\"border: 1px solid rgb(209, 209, 209);\" data-wptb-css-td-auto-width=\"true\"><div class=\"wptb-text-container wptb-ph-element wptb-element-text-609\" style=\"color: rgb(0, 0, 0); font-size: 15px;\"><div class=\"\" style=\"position: relative;\"><p>56.700<\/p><\/div><\/div><\/td><td class=\"wptb-cell\" data-y-index=\"1\" data-x-index=\"6\" style=\"border: 1px solid rgb(209, 209, 209);\" data-wptb-css-td-auto-width=\"true\"><div class=\"wptb-text-container wptb-ph-element wptb-element-text-610\" style=\"color: rgb(0, 0, 0); font-size: 15px;\"><div class=\"\" style=\"position: relative;\"><p>1635<\/p><p><\/p><p><\/p><\/div><\/div><\/td><\/tr><\/tbody><\/table><\/div><\/div>\n\n","protected":false},"excerpt":{"rendered":"<p>Decorative Grass de 10 mm est l&rsquo;un des types les plus populaires en raison de son utilisation \u00e9conomique et ergonomique. Decorative Grass convient \u00e0 une utilisation int\u00e9rieure et ext\u00e9rieure dans de nombreuses zones telles que les jardins, les abords de piscines, les balcons, les terrasses, les bas-c\u00f4t\u00e9s de routes, etc.<\/p>\n<p>Herba Grass offre du confort dans les espaces de vie avec un entretien minimal. Tous nos produits sont adapt\u00e9s aux enfants et aux animaux de compagnie. Il peut \u00eatre produit de 5 mm \u00e0 15 mm Decorative Grass pr\u00e9sente les caract\u00e9ristiques marquantes suivantes :<\/p>\n<ul>\n<li>Un budget raisonnable,<\/li>\n<li>Utilisation \u00e0 long terme,<\/li>\n<li>Protection contre les UV,<\/li>\n<li>Aspect esth\u00e9tique,<\/li>\n<li>N\u00e9cessite peu de maintenance<\/li>\n<li>Convient \u00e0 toutes les conditions m\u00e9t\u00e9orologiques.<\/li>\n<\/ul>\n","protected":false},"featured_media":1672,"comment_status":"open","ping_status":"closed","template":"","meta":{"_joinchat":[]},"product_brand":[],"product_cat":[83],"product_tag":[],"class_list":{"0":"post-2012","1":"product","2":"type-product","3":"status-publish","4":"has-post-thumbnail","6":"product_cat-amenagement-paysager","7":"description-off","9":"first","10":"instock","11":"shipping-taxable","12":"product-type-simple"},"_links":{"self":[{"href":"https:\/\/herbagrass.com\/fr\/wp-json\/wp\/v2\/product\/2012","targetHints":{"allow":["GET"]}}],"collection":[{"href":"https:\/\/herbagrass.com\/fr\/wp-json\/wp\/v2\/product"}],"about":[{"href":"https:\/\/herbagrass.com\/fr\/wp-json\/wp\/v2\/types\/product"}],"replies":[{"embeddable":true,"href":"https:\/\/herbagrass.com\/fr\/wp-json\/wp\/v2\/comments?post=2012"}],"wp:featuredmedia":[{"embeddable":true,"href":"https:\/\/herbagrass.com\/fr\/wp-json\/wp\/v2\/media\/1672"}],"wp:attachment":[{"href":"https:\/\/herbagrass.com\/fr\/wp-json\/wp\/v2\/media?parent=2012"}],"wp:term":[{"taxonomy":"product_brand","embeddable":true,"href":"https:\/\/herbagrass.com\/fr\/wp-json\/wp\/v2\/product_brand?post=2012"},{"taxonomy":"product_cat","embeddable":true,"href":"https:\/\/herbagrass.com\/fr\/wp-json\/wp\/v2\/product_cat?post=2012"},{"taxonomy":"product_tag","embeddable":true,"href":"https:\/\/herbagrass.com\/fr\/wp-json\/wp\/v2\/product_tag?post=2012"}],"curies":[{"name":"wp","href":"https:\/\/api.w.org\/{rel}","templated":true}]}}