{"id":2010,"date":"2022-06-28T14:46:15","date_gmt":"2022-06-28T11:46:15","guid":{"rendered":"https:\/\/herbagrass.com\/urun\/25-mm-almond-soft\/"},"modified":"2024-03-13T15:56:17","modified_gmt":"2024-03-13T12:56:17","slug":"25-mm-almond-soft","status":"publish","type":"product","link":"https:\/\/herbagrass.com\/fr\/urun\/25-mm-almond-soft\/","title":{"rendered":"25 MM ALMOND SOFT"},"content":{"rendered":"<div class=\"wptb-table-container wptb-table-2201\"><div class=\"wptb-table-container-matrix\" id=\"wptb-table-id-2201\" data-wptb-version=\"2.0.14\" data-wptb-pro-status=\"false\"><table class=\"wptb-preview-table wptb-element-main-table_setting-2188\" data-reconstraction=\"1\" style=\"border: 1px solid rgb(209, 209, 209);\" data-wptb-table-tds-sum-max-width=\"918\" data-wptb-cells-width-auto-count=\"7\" data-wptb-horizontal-scroll-status=\"false\" data-wptb-extra-styles=\"LyogRW50ZXIgeW91ciBjdXN0b20gQ1NTIHJ1bGVzIGhlcmUgKi8=\" role=\"table\" data-wptb-header-background-color=\"#1F9837FF\" data-table-columns=\"7\"><tbody><tr class=\"wptb-row\" style=\"background-color: rgb(31, 152, 55);\"><td class=\"wptb-cell\" data-y-index=\"0\" data-x-index=\"0\" style=\"border: 1px solid rgb(209, 209, 209);\" data-wptb-css-td-auto-width=\"true\"><div class=\"wptb-text-container wptb-ph-element wptb-element-text-597\" style=\"color: rgb(255, 255, 255); font-size: 15px;\"><div class=\"\" style=\"position: relative;\"><p>HERBAGRASS NOM<\/p><\/div><\/div><\/td><td class=\"wptb-cell\" data-y-index=\"0\" data-x-index=\"1\" style=\"border: 1px solid rgb(209, 209, 209);\" data-wptb-css-td-auto-width=\"true\"><div class=\"wptb-text-container wptb-ph-element wptb-element-text-598\" style=\"color: rgb(255, 255, 255); font-size: 15px;\"><div class=\"\" style=\"position: relative;\"><p>YARN<\/p><\/div><\/div><\/td><td class=\"wptb-cell\" data-y-index=\"0\" data-x-index=\"2\" style=\"border: 1px solid rgb(209, 209, 209);\" data-wptb-css-td-auto-width=\"true\"><div class=\"wptb-text-container wptb-ph-element wptb-element-text-599\" style=\"color: rgb(255, 255, 255); font-size: 15px;\"><div class=\"\" style=\"position: relative;\"><p>POIDS DE LA PILE(M2)<\/p><\/div><\/div><\/td><td class=\"wptb-cell\" data-y-index=\"0\" data-x-index=\"3\" style=\"border: 1px solid rgb(209, 209, 209);\" data-wptb-css-td-auto-width=\"true\"><div class=\"wptb-text-container wptb-ph-element wptb-element-text-600\" style=\"color: rgb(255, 255, 255); font-size: 15px;\"><div class=\"\" style=\"position: relative;\"><p>GAUGE<\/p><\/div><\/div><\/td><td class=\"wptb-cell\" data-y-index=\"0\" data-x-index=\"4\" style=\"border: 1px solid rgb(209, 209, 209);\" data-wptb-css-td-auto-width=\"true\"><div class=\"wptb-text-container wptb-ph-element wptb-element-text-601\" style=\"color: rgb(255, 255, 255); font-size: 15px;\"><div class=\"\" style=\"position: relative;\"><p>TAUX DE STICH (PER 10CM)<\/p><\/div><\/div><\/td><td class=\"wptb-cell\" data-y-index=\"0\" data-x-index=\"5\" style=\"border: 1px solid rgb(209, 209, 209);\" data-wptb-css-td-auto-width=\"true\"><div class=\"wptb-text-container wptb-ph-element wptb-element-text-602\" style=\"color: rgb(255, 255, 255); font-size: 15px;\"><div class=\"\" style=\"position: relative;\"><p>KNOTS (M2)<\/p><\/div><\/div><\/td><td class=\"wptb-cell\" data-y-index=\"0\" data-x-index=\"6\" style=\"border: 1px solid rgb(209, 209, 209);\" data-wptb-css-td-auto-width=\"true\"><div class=\"wptb-text-container wptb-ph-element wptb-element-text-603\" style=\"color: rgb(255, 255, 255); font-size: 15px;\"><div class=\"\" style=\"position: relative;\"><p>POIDS TOTAL (GR)<\/p><\/div><\/div><\/td><\/tr><tr class=\"wptb-row\" style=\"--hover-bg-color: undefined;\"><td class=\"wptb-cell\" data-y-index=\"1\" data-x-index=\"0\" style=\"border: 1px solid rgb(209, 209, 209);\" data-wptb-css-td-auto-width=\"true\"><div class=\"wptb-text-container wptb-ph-element wptb-element-text-604\" style=\"color: rgb(0, 0, 0); font-size: 15px;\"><div class=\"\" style=\"position: relative;\"><p>25 MM AMANDES DOUCES<\/p><\/div><\/div><\/td><td class=\"wptb-cell\" data-y-index=\"1\" data-x-index=\"1\" style=\"border: 1px solid rgb(209, 209, 209);\" data-wptb-css-td-auto-width=\"true\"><div class=\"wptb-text-container wptb-ph-element wptb-element-text-605\" style=\"color: rgb(0, 0, 0); font-size: 15px;\"><div class=\"\" style=\"position: relative;\"><p>75% 5200 \/ 8 KD 265<\/p><p>25% 3300 PP KDK<\/p><\/div><\/div><\/td><td class=\"wptb-cell\" data-y-index=\"1\" data-x-index=\"2\" style=\"border: 1px solid rgb(209, 209, 209);\" data-wptb-css-td-auto-width=\"true\"><div class=\"wptb-text-container wptb-ph-element wptb-element-text-606\" style=\"color: rgb(0, 0, 0); font-size: 15px;\"><div class=\"\" style=\"position: relative;\"><p>810<\/p><\/div><\/div><\/td><td class=\"wptb-cell\" data-y-index=\"1\" data-x-index=\"3\" style=\"border: 1px solid rgb(209, 209, 209);\" data-wptb-css-td-auto-width=\"true\"><div class=\"wptb-text-container wptb-ph-element wptb-element-text-607\" style=\"color: rgb(0, 0, 0); font-size: 15px;\"><div class=\"\" style=\"position: relative;\"><p>3\/8<\/p><\/div><\/div><\/td><td class=\"wptb-cell\" data-y-index=\"1\" data-x-index=\"4\" style=\"border: 1px solid rgb(209, 209, 209);\" data-wptb-css-td-auto-width=\"true\"><div class=\"wptb-text-container wptb-ph-element wptb-element-text-608\" style=\"color: rgb(0, 0, 0); font-size: 15px;\"><div class=\"\" style=\"position: relative;\"><p>18<\/p><\/div><\/div><\/td><td class=\"wptb-cell\" data-y-index=\"1\" data-x-index=\"5\" style=\"border: 1px solid rgb(209, 209, 209);\" data-wptb-css-td-auto-width=\"true\"><div class=\"wptb-text-container wptb-ph-element wptb-element-text-609\" style=\"color: rgb(0, 0, 0); font-size: 15px;\"><div class=\"\" style=\"position: relative;\"><p>18.900<\/p><p><\/p><p><\/p><\/div><\/div><\/td><td class=\"wptb-cell\" data-y-index=\"1\" data-x-index=\"6\" style=\"border: 1px solid rgb(209, 209, 209);\" data-wptb-css-td-auto-width=\"true\"><div class=\"wptb-text-container wptb-ph-element wptb-element-text-610\" style=\"color: rgb(0, 0, 0); font-size: 15px;\"><div class=\"\" style=\"position: relative;\"><p>1825<\/p><p><\/p><p><\/p><\/div><\/div><\/td><\/tr><\/tbody><\/table><\/div><\/div>\n\n","protected":false},"excerpt":{"rendered":"<p>25 MM Almond Soft se distingue par sa luminosit\u00e9. Il donne un aspect naturel et esth\u00e9tique. Almond soft est sp\u00e9cialement con\u00e7u pour les terrains de jeux et les usages intensifs. Il convient \u00e9galement \u00e0 un usage commercial pour les h\u00f4tels et les habitations. Une autre caract\u00e9ristique est qu&rsquo;Almond Soft est antibact\u00e9rien, ce qui permet d&rsquo;\u00e9viter toute formation bact\u00e9rienne.<\/p>\n<ul>\n<li>Anti-bact\u00e9rien,<\/li>\n<li>Couleurs vives,<\/li>\n<li>Protection contre les UV,<\/li>\n<li>Aspect esth\u00e9tique,<\/li>\n<li>N\u00e9cessite peu de maintenance,<\/li>\n<li>Convient \u00e0 toutes les conditions m\u00e9t\u00e9orologiques,<\/li>\n<li>Convient aux animaux de compagnie et aux enfants,<\/li>\n<li>Convient \u00e0 un usage commercial et r\u00e9sidentiel.<\/li>\n<\/ul>\n","protected":false},"featured_media":1676,"comment_status":"open","ping_status":"closed","template":"","meta":{"_joinchat":[]},"product_brand":[],"product_cat":[83],"product_tag":[],"class_list":{"0":"post-2010","1":"product","2":"type-product","3":"status-publish","4":"has-post-thumbnail","6":"product_cat-amenagement-paysager","7":"description-off","9":"first","10":"instock","11":"shipping-taxable","12":"product-type-simple"},"_links":{"self":[{"href":"https:\/\/herbagrass.com\/fr\/wp-json\/wp\/v2\/product\/2010","targetHints":{"allow":["GET"]}}],"collection":[{"href":"https:\/\/herbagrass.com\/fr\/wp-json\/wp\/v2\/product"}],"about":[{"href":"https:\/\/herbagrass.com\/fr\/wp-json\/wp\/v2\/types\/product"}],"replies":[{"embeddable":true,"href":"https:\/\/herbagrass.com\/fr\/wp-json\/wp\/v2\/comments?post=2010"}],"wp:featuredmedia":[{"embeddable":true,"href":"https:\/\/herbagrass.com\/fr\/wp-json\/wp\/v2\/media\/1676"}],"wp:attachment":[{"href":"https:\/\/herbagrass.com\/fr\/wp-json\/wp\/v2\/media?parent=2010"}],"wp:term":[{"taxonomy":"product_brand","embeddable":true,"href":"https:\/\/herbagrass.com\/fr\/wp-json\/wp\/v2\/product_brand?post=2010"},{"taxonomy":"product_cat","embeddable":true,"href":"https:\/\/herbagrass.com\/fr\/wp-json\/wp\/v2\/product_cat?post=2010"},{"taxonomy":"product_tag","embeddable":true,"href":"https:\/\/herbagrass.com\/fr\/wp-json\/wp\/v2\/product_tag?post=2010"}],"curies":[{"name":"wp","href":"https:\/\/api.w.org\/{rel}","templated":true}]}}